{"id":143,"date":"2020-04-27T12:46:01","date_gmt":"2020-04-27T12:46:01","guid":{"rendered":"https:\/\/export.mercury.space-themes.com\/demo1\/?page_id=143"},"modified":"2026-02-13T00:24:13","modified_gmt":"2026-02-12T23:24:13","slug":"magazin","status":"publish","type":"page","link":"https:\/\/www.forexsrovnavac.cz\/mag\/","title":{"rendered":"Home"},"content":{"rendered":"","protected":false},"excerpt":{"rendered":"","protected":false},"author":1,"featured_media":3848,"parent":0,"menu_order":0,"comment_status":"closed","ping_status":"closed","template":"page-home.php","meta":{"_seopress_robots_primary_cat":"","_seopress_titles_title":"Investi\u010dn\u00ed magaz\u00edn - popul\u00e1rn\u00ed investice na jednom m\u00edst\u011b","_seopress_titles_desc":"Investi\u010dn\u00ed magaz\u00edn a finan\u010dn\u00ed vzd\u011bl\u00e1v\u00e1n\u00ed. Jak\u00e9 jsou nejlep\u0161\u00ed investice? Pr\u016fvodce investov\u00e1n\u00edm, n\u00e1vody jak za\u010d\u00edt, \u010dl\u00e1nky a aktu\u00e1ln\u00ed informace.","_seopress_robots_index":"","_lmt_disableupdate":"no","_lmt_disable":"","footnotes":""},"class_list":["post-143","page","type-page","status-publish","has-post-thumbnail","hentry"],"_links":{"self":[{"href":"https:\/\/www.forexsrovnavac.cz\/mag\/wp-json\/wp\/v2\/pages\/143","targetHints":{"allow":["GET"]}}],"collection":[{"href":"https:\/\/www.forexsrovnavac.cz\/mag\/wp-json\/wp\/v2\/pages"}],"about":[{"href":"https:\/\/www.forexsrovnavac.cz\/mag\/wp-json\/wp\/v2\/types\/page"}],"author":[{"embeddable":true,"href":"https:\/\/www.forexsrovnavac.cz\/mag\/wp-json\/wp\/v2\/users\/1"}],"replies":[{"embeddable":true,"href":"https:\/\/www.forexsrovnavac.cz\/mag\/wp-json\/wp\/v2\/comments?post=143"}],"version-history":[{"count":0,"href":"https:\/\/www.forexsrovnavac.cz\/mag\/wp-json\/wp\/v2\/pages\/143\/revisions"}],"wp:featuredmedia":[{"embeddable":true,"href":"https:\/\/www.forexsrovnavac.cz\/mag\/wp-json\/wp\/v2\/media\/3848"}],"wp:attachment":[{"href":"https:\/\/www.forexsrovnavac.cz\/mag\/wp-json\/wp\/v2\/media?parent=143"}],"curies":[{"name":"wp","href":"https:\/\/api.w.org\/{rel}","templated":true}]}}