{"id":3195,"date":"2022-04-13T17:15:50","date_gmt":"2022-04-13T15:15:50","guid":{"rendered":"https:\/\/www.forexsrovnavac.cz\/mag\/cryptocurrency-exchanges\/"},"modified":"2025-05-29T16:55:21","modified_gmt":"2025-05-29T14:55:21","slug":"cryptocurrency-exchanges","status":"publish","type":"page","link":"https:\/\/www.forexsrovnavac.cz\/mag\/cryptocurrency-exchanges\/","title":{"rendered":"Cryptocurrency Exchanges"},"content":{"rendered":"<p>&nbsp;<\/p>\n<h1><span style=\"font-family: helvetica, arial, sans-serif;\">\u00a0 recenze<\/span><\/h1>\n\n\n<hr \/>\n\n\n\n\t<div class=\"space-shortcode-wrap space-shortcode-4 relative\">\n\t\t<div class=\"space-shortcode-wrap-ins relative\">\n\n\t\t\t\t\t\t<div class=\"space-block-title relative\">\n\t\t\t\t<span>Kde koupit Bitcoin a dal\u0161\u00ed kryptom\u011bny<\/span>\n\t\t\t<\/div>\n\t\t\t\n\t\t\t<div class=\"space-organizations-3-archive-items box-100 relative\">\n\n\t\t\t\t\n\t\t\t\t<div class=\"space-organizations-3-archive-item box-100 relative\">\n\t\t\t\t\t<div class=\"space-organizations-3-archive-item-ins relative\">\n\t\t\t\t\t\t<div class=\"space-organizations-3-archive-item-logo box-25 relative\">\n\t\t\t\t\t\t\t<div class=\"space-organizations-3-archive-item-logo-ins box-100 text-center relative\">\n\n\t\t\t\t\t\t\t\t\t\n\t\t\t\t\t\t\t\t\t\t\t<img loading=\"lazy\" decoding=\"async\" width=\"262\" height=\"80\" src=\"https:\/\/www.forexsrovnavac.cz\/mag\/wp-content\/uploads\/2022\/01\/etoro-logo-3-262x80.png\" class=\"attachment-mercury-9999-80 size-mercury-9999-80\" alt=\"eToro recenze\" srcset=\"https:\/\/www.forexsrovnavac.cz\/mag\/wp-content\/uploads\/2022\/01\/etoro-logo-3-262x80.png 262w, https:\/\/www.forexsrovnavac.cz\/mag\/wp-content\/uploads\/2022\/01\/etoro-logo-3-150x46.png 150w, https:\/\/www.forexsrovnavac.cz\/mag\/wp-content\/uploads\/2022\/01\/etoro-logo-3-131x40.png 131w, https:\/\/www.forexsrovnavac.cz\/mag\/wp-content\/uploads\/2022\/01\/etoro-logo-3-105x32.png 105w, https:\/\/www.forexsrovnavac.cz\/mag\/wp-content\/uploads\/2022\/01\/etoro-logo-3-442x135.png 442w, https:\/\/www.forexsrovnavac.cz\/mag\/wp-content\/uploads\/2022\/01\/etoro-logo-3-24x7.png 24w, https:\/\/www.forexsrovnavac.cz\/mag\/wp-content\/uploads\/2022\/01\/etoro-logo-3-36x11.png 36w, https:\/\/www.forexsrovnavac.cz\/mag\/wp-content\/uploads\/2022\/01\/etoro-logo-3-48x15.png 48w, https:\/\/www.forexsrovnavac.cz\/mag\/wp-content\/uploads\/2022\/01\/etoro-logo-3.png 720w\" sizes=\"auto, (max-width: 262px) 100vw, 262px\" \/>\t\t\t\t\t\t\t\t\t\t<\/a>\n\t\t\t\t\t\t\t\t\t\t\t\t\t\t\t\t<\/div>\n\t\t\t\t\t\t\t\t\t\t\t\t\t\t\t<div class=\"space-organizations-3-archive-item-count absolute\">\n\t\t\t\t\t\t\t\t\t<span>1<\/span>\n\t\t\t\t\t\t\t\t<\/div>\n\t\t\t\t\t\t\t\t\t\t\t\t\t<\/div>\n\t\t\t\t\t\t<div class=\"space-organizations-3-archive-item-terms box-25 relative\">\n\t\t\t\t\t\t\t<div class=\"space-organizations-3-archive-item-terms-ins box-100 text-center relative\">\n\t\t\t\t\t\t\tRe\u00e1ln\u00e9 akcie a kryptom\u011bny. N\u00edzk\u00fd minim\u00e1ln\u00ed vklad 50 USD.\r\nMo\u017enost kop\u00edrov\u00e1n\u00ed obchod\u016f. Denn\u00ed webin\u00e1\u0159e a zpr\u00e1vy z trh\u016f pro klienty.\t\t\t\t\t\t\t<\/div>\n\t\t\t\t\t\t<\/div>\n\t\t\t\t\t\t<div class=\"space-organizations-3-archive-item-rating box-25 relative\">\n\t\t\t\t\t\t\t<div class=\"space-organizations-3-archive-item-rating-ins box-100 text-center relative\">\n\n\t\t\t\t\t\t\t\t\n\t\t\t\t\t\t\t\t\t\t\t\t\t\t\t\t\t<div class=\"space-organizations-3-archive-item-rating-box relative\">\n\t\t\t\t\t\t\t\t\t\t<div class=\"star-rating\"><div class=\"star star-full\" aria-hidden=\"true\"><\/div><div class=\"star star-full\" aria-hidden=\"true\"><\/div><div class=\"star star-full\" aria-hidden=\"true\"><\/div><div class=\"star star-full\" aria-hidden=\"true\"><\/div><div class=\"star star-half\" aria-hidden=\"true\"><\/div><\/div>\t\t\t\t\t\t\t\t\t\t<span>4.5<\/span>\n\t\t\t\t\t\t\t\t\t<\/div>\n\t\t\t\t\t\t\t\t\n\t\t\t\t\t\t\t\t\t\t\t\t\t\t\t\t\t<div class=\"space-organization-header-button-notice relative\" style=\"margin-top: 5px;\">\n\t\t\t\t\t\t\t\t\t\t<span class=\"tc-apply\">Hodnocen\u00ed u\u017eivatel\u016f<\/span>\n\t\t\t\t\t\t\t\t\t\t<div class=\"tc-desc\">\n\t\t\t\t\t\t\t\t\t\t\t&nbsp;\r\n\r\n \t\u27a1\ufe0f Trustpilot hodnocen\u00ed 4,4\/5 \u2b50 \u00a0(Pr\u016fm\u011br z celkov\u00e9ho po\u010dtu 20 891 hodnocen\u00ed)\r\n \t\u27a1\ufe0f Google play hodnocen\u00ed 4,2\/5 \u2b50 (Pr\u016fm\u011br z celkov\u00e9ho po\u010dtu 110 000 hodnocen\u00ed)\r\n\r\n&nbsp;\t\t\t\t\t\t\t\t\t\t<\/div>\n\t\t\t\t\t\t\t\t\t<\/div>\n\t\t\t\t\t\t\t\t\n\t\t\t\t\t\t\t\t\n\t\t\t\t\t\t\t\t<div class=\"space-organizations-archive-item-button-notice relative\" style=\"margin-top: 5px;\">\n\t\t\t\t\t\t\t\t\t50% CFDs \u00fa\u010dt\u016f retailov\u00fdch je ztr\u00e1tov\u00fdch\t\t\t\t\t\t\t\t<\/div>\n\n\t\t\t\t\t\t\t\t\t\t\t\t\t\t\t\t\n\t\t\t\t\t\t\t<\/div>\n\t\t\t\t\t\t<\/div>\n\t\t\t\t\t\t<div class=\"space-organizations-3-archive-item-button box-25 relative\">\n\t\t\t\t\t\t\t<div class=\"space-organizations-3-archive-item-button-ins box-100 text-center relative\">\n\t\t\t\t\t\t\t\t<a href=\"https:\/\/www.forexsrovnavac.cz\/mag\/ecns\" title=\"Nav\u0161t\u00edvit eToro\" target=\"_blank\" rel=\"nofollow\"><i class=\"fas fa-check-circle\"><\/i> Nav\u0161t\u00edvit eToro<\/a>\n\n\t\t\t\t\t\t\t\t\n\t\t\t\t\t\t\t<\/div>\n\t\t\t\t\t\t<\/div>\n\t\t\t\t\t\t\t\t\t\t\t<\/div>\n\t\t\t\t<\/div>\n\n\t\t\t\t\n\t\t\t<\/div>\n\t\t\t\n\t\t<\/div>\n\t<\/div>\n\n\n<p>*Investov\u00e1n\u00ed do kryptom\u011bn je vysoce volatiln\u00ed a v n\u011bkter\u00fdch zem\u00edch EU neregulovan\u00e9. Na zisky se m\u016f\u017ee vztahovat da\u0148.<\/p>\n<h2>Co m\u016f\u017eete koupit za kryptom\u011bny?<\/h2>\n<p>Na burze  je k obchodov\u00e1n\u00ed k dispozici cel\u00e1 \u0159ada kryptom\u011bn celkov\u00fd seznam je na webu burzy. Pro mezin\u00e1rodn\u00ed u\u017eivatele podporuje tak\u00e9 \u0159adu fiat m\u011bn, v\u010detn\u011b USD, EUR.<\/p>\n","protected":false},"excerpt":{"rendered":"<p>&nbsp; \u00a0 recenze *Investov\u00e1n\u00ed do kryptom\u011bn je vysoce volatiln\u00ed a v n\u011bkter\u00fdch zem\u00edch EU neregulovan\u00e9. Na zisky se m\u016f\u017ee vztahovat da\u0148. Co m\u016f\u017eete koupit za kryptom\u011bny? Na burze je k obchodov\u00e1n\u00ed k dispozici cel\u00e1 \u0159ada kryptom\u011bn celkov\u00fd seznam je na webu burzy. Pro mezin\u00e1rodn\u00ed u\u017eivatele podporuje tak\u00e9 \u0159adu fiat m\u011bn, v\u010detn\u011b USD, EUR.<\/p>\n","protected":false},"author":1,"featured_media":0,"parent":0,"menu_order":0,"comment_status":"closed","ping_status":"closed","template":"page-without-title.php","meta":{"_seopress_robots_primary_cat":"","_seopress_titles_title":"","_seopress_titles_desc":"","_seopress_robots_index":"","_lmt_disableupdate":"no","_lmt_disable":"","footnotes":""},"class_list":["post-3195","page","type-page","status-publish","hentry"],"_links":{"self":[{"href":"https:\/\/www.forexsrovnavac.cz\/mag\/wp-json\/wp\/v2\/pages\/3195","targetHints":{"allow":["GET"]}}],"collection":[{"href":"https:\/\/www.forexsrovnavac.cz\/mag\/wp-json\/wp\/v2\/pages"}],"about":[{"href":"https:\/\/www.forexsrovnavac.cz\/mag\/wp-json\/wp\/v2\/types\/page"}],"author":[{"embeddable":true,"href":"https:\/\/www.forexsrovnavac.cz\/mag\/wp-json\/wp\/v2\/users\/1"}],"replies":[{"embeddable":true,"href":"https:\/\/www.forexsrovnavac.cz\/mag\/wp-json\/wp\/v2\/comments?post=3195"}],"version-history":[{"count":0,"href":"https:\/\/www.forexsrovnavac.cz\/mag\/wp-json\/wp\/v2\/pages\/3195\/revisions"}],"wp:attachment":[{"href":"https:\/\/www.forexsrovnavac.cz\/mag\/wp-json\/wp\/v2\/media?parent=3195"}],"curies":[{"name":"wp","href":"https:\/\/api.w.org\/{rel}","templated":true}]}}